{"id":931,"date":"2017-10-13T15:08:46","date_gmt":"2017-10-13T13:08:46","guid":{"rendered":"http:\/\/rpjph.w4yserver.at\/imprint\/"},"modified":"2020-09-01T10:50:09","modified_gmt":"2020-09-01T08:50:09","slug":"impressum","status":"publish","type":"page","link":"https:\/\/www.qc-ventures.com\/de\/impressum\/","title":{"rendered":"Impressum"},"content":{"rendered":"<h3 style=\"text-align: center;\"><strong>Q-Capital Ventures GmbH<br \/>\nB\u00fcro<\/strong><\/h3>\n<p style=\"text-align: center;\">Habsburgergasse 2\/Ia<br \/>\n1010 Wien<br \/>\n\u00d6sterreich<\/p>\n<p style=\"text-align: center;\"><strong>T<\/strong> +43 1 235 00 62 0<br \/>\n<strong>E<\/strong> office@q-capital-ventures.com<\/p>\n<h3 style=\"text-align: center;\"><strong>Handelsregister<\/strong><\/h3>\n<p style=\"text-align: center;\">Handelsgericht Wien<br \/>\nFN 432709m<\/p>\n<h3 style=\"text-align: center;\"><strong>\u00a0<\/strong><strong>Mitgliedschaften<\/strong><\/h3>\n<p style=\"text-align: center;\">Wirtschaftskammer \u00d6sterreich<\/p>\n<h3 style=\"text-align: center;\"><strong>Gesch\u00e4ftsf\u00fchrer<\/strong><\/h3>\n<p style=\"text-align: center;\">Friedrich Schweiger<br \/>\nAlexander G\u00f6tzinger<\/p>\n<h3 style=\"text-align: center;\"><strong>Aktivit\u00e4ten<\/strong><\/h3>\n<p style=\"text-align: center;\">Administrieren von Unternehmensbeteiligungen<\/p>\n<div class=\"page\" style=\"text-align: center;\" title=\"Page 25\">\n<div class=\"layoutArea\">\n<div class=\"column\">\n<p>&nbsp;<\/p>\n<\/div>\n<\/div>\n<\/div>\n","protected":false},"excerpt":{"rendered":"<p>Q-Capital Ventures GmbH B\u00fcro Habsburgergasse 2\/Ia 1010 Wien \u00d6sterreich T +43 1 235 00 62 0 E office@q-capital-ventures.com Handelsregister Handelsgericht Wien FN 432709m \u00a0Mitgliedschaften Wirtschaftskammer \u00d6sterreich Gesch\u00e4ftsf\u00fchrer Friedrich Schweiger Alexander G\u00f6tzinger Aktivit\u00e4ten Administrieren von Unternehmensbeteiligungen &nbsp;<\/p>\n","protected":false},"author":1,"featured_media":0,"parent":0,"menu_order":7,"comment_status":"closed","ping_status":"closed","template":"page-simpel.php","meta":{"_acf_changed":false,"footnotes":""},"class_list":["post-931","page","type-page","status-publish","hentry"],"acf":[],"yoast_head":"<!-- This site is optimized with the Yoast SEO plugin v23.4 - https:\/\/yoast.com\/wordpress\/plugins\/seo\/ -->\n<title>Impressum - QC Ventures<\/title>\n<meta name=\"robots\" content=\"index, follow, max-snippet:-1, max-image-preview:large, max-video-preview:-1\" \/>\n<link rel=\"canonical\" href=\"https:\/\/www.qc-ventures.com\/de\/impressum\/\" \/>\n<meta property=\"og:locale\" content=\"de_DE\" \/>\n<meta property=\"og:type\" content=\"article\" \/>\n<meta property=\"og:title\" content=\"Impressum - QC Ventures\" \/>\n<meta property=\"og:description\" content=\"Q-Capital Ventures GmbH B\u00fcro Habsburgergasse 2\/Ia 1010 Wien \u00d6sterreich T +43 1 235 00 62 0 E office@q-capital-ventures.com Handelsregister Handelsgericht Wien FN 432709m \u00a0Mitgliedschaften Wirtschaftskammer \u00d6sterreich Gesch\u00e4ftsf\u00fchrer Friedrich Schweiger Alexander G\u00f6tzinger Aktivit\u00e4ten Administrieren von Unternehmensbeteiligungen &nbsp;\" \/>\n<meta property=\"og:url\" content=\"https:\/\/www.qc-ventures.com\/de\/impressum\/\" \/>\n<meta property=\"og:site_name\" content=\"QC Ventures\" \/>\n<meta property=\"article:modified_time\" content=\"2020-09-01T08:50:09+00:00\" \/>\n<meta name=\"twitter:card\" content=\"summary_large_image\" \/>\n<script type=\"application\/ld+json\" class=\"yoast-schema-graph\">{\"@context\":\"https:\/\/schema.org\",\"@graph\":[{\"@type\":\"WebPage\",\"@id\":\"https:\/\/www.qc-ventures.com\/de\/impressum\/\",\"url\":\"https:\/\/www.qc-ventures.com\/de\/impressum\/\",\"name\":\"Impressum - QC Ventures\",\"isPartOf\":{\"@id\":\"https:\/\/www.qc-ventures.com\/#website\"},\"datePublished\":\"2017-10-13T13:08:46+00:00\",\"dateModified\":\"2020-09-01T08:50:09+00:00\",\"breadcrumb\":{\"@id\":\"https:\/\/www.qc-ventures.com\/de\/impressum\/#breadcrumb\"},\"inLanguage\":\"de\",\"potentialAction\":[{\"@type\":\"ReadAction\",\"target\":[\"https:\/\/www.qc-ventures.com\/de\/impressum\/\"]}]},{\"@type\":\"BreadcrumbList\",\"@id\":\"https:\/\/www.qc-ventures.com\/de\/impressum\/#breadcrumb\",\"itemListElement\":[{\"@type\":\"ListItem\",\"position\":1,\"name\":\"Home\",\"item\":\"https:\/\/www.qc-ventures.com\/\"},{\"@type\":\"ListItem\",\"position\":2,\"name\":\"Impressum\"}]},{\"@type\":\"WebSite\",\"@id\":\"https:\/\/www.qc-ventures.com\/#website\",\"url\":\"https:\/\/www.qc-ventures.com\/\",\"name\":\"QC Ventures\",\"description\":\"Vienna\",\"potentialAction\":[{\"@type\":\"SearchAction\",\"target\":{\"@type\":\"EntryPoint\",\"urlTemplate\":\"https:\/\/www.qc-ventures.com\/?s={search_term_string}\"},\"query-input\":{\"@type\":\"PropertyValueSpecification\",\"valueRequired\":true,\"valueName\":\"search_term_string\"}}],\"inLanguage\":\"de\"}]}<\/script>\n<!-- \/ Yoast SEO plugin. -->","yoast_head_json":{"title":"Impressum - QC Ventures","robots":{"index":"index","follow":"follow","max-snippet":"max-snippet:-1","max-image-preview":"max-image-preview:large","max-video-preview":"max-video-preview:-1"},"canonical":"https:\/\/www.qc-ventures.com\/de\/impressum\/","og_locale":"de_DE","og_type":"article","og_title":"Impressum - QC Ventures","og_description":"Q-Capital Ventures GmbH B\u00fcro Habsburgergasse 2\/Ia 1010 Wien \u00d6sterreich T +43 1 235 00 62 0 E office@q-capital-ventures.com Handelsregister Handelsgericht Wien FN 432709m \u00a0Mitgliedschaften Wirtschaftskammer \u00d6sterreich Gesch\u00e4ftsf\u00fchrer Friedrich Schweiger Alexander G\u00f6tzinger Aktivit\u00e4ten Administrieren von Unternehmensbeteiligungen &nbsp;","og_url":"https:\/\/www.qc-ventures.com\/de\/impressum\/","og_site_name":"QC Ventures","article_modified_time":"2020-09-01T08:50:09+00:00","twitter_card":"summary_large_image","schema":{"@context":"https:\/\/schema.org","@graph":[{"@type":"WebPage","@id":"https:\/\/www.qc-ventures.com\/de\/impressum\/","url":"https:\/\/www.qc-ventures.com\/de\/impressum\/","name":"Impressum - QC Ventures","isPartOf":{"@id":"https:\/\/www.qc-ventures.com\/#website"},"datePublished":"2017-10-13T13:08:46+00:00","dateModified":"2020-09-01T08:50:09+00:00","breadcrumb":{"@id":"https:\/\/www.qc-ventures.com\/de\/impressum\/#breadcrumb"},"inLanguage":"de","potentialAction":[{"@type":"ReadAction","target":["https:\/\/www.qc-ventures.com\/de\/impressum\/"]}]},{"@type":"BreadcrumbList","@id":"https:\/\/www.qc-ventures.com\/de\/impressum\/#breadcrumb","itemListElement":[{"@type":"ListItem","position":1,"name":"Home","item":"https:\/\/www.qc-ventures.com\/"},{"@type":"ListItem","position":2,"name":"Impressum"}]},{"@type":"WebSite","@id":"https:\/\/www.qc-ventures.com\/#website","url":"https:\/\/www.qc-ventures.com\/","name":"QC Ventures","description":"Vienna","potentialAction":[{"@type":"SearchAction","target":{"@type":"EntryPoint","urlTemplate":"https:\/\/www.qc-ventures.com\/?s={search_term_string}"},"query-input":{"@type":"PropertyValueSpecification","valueRequired":true,"valueName":"search_term_string"}}],"inLanguage":"de"}]}},"_links":{"self":[{"href":"https:\/\/www.qc-ventures.com\/de\/wp-json\/wp\/v2\/pages\/931"}],"collection":[{"href":"https:\/\/www.qc-ventures.com\/de\/wp-json\/wp\/v2\/pages"}],"about":[{"href":"https:\/\/www.qc-ventures.com\/de\/wp-json\/wp\/v2\/types\/page"}],"author":[{"embeddable":true,"href":"https:\/\/www.qc-ventures.com\/de\/wp-json\/wp\/v2\/users\/1"}],"replies":[{"embeddable":true,"href":"https:\/\/www.qc-ventures.com\/de\/wp-json\/wp\/v2\/comments?post=931"}],"version-history":[{"count":9,"href":"https:\/\/www.qc-ventures.com\/de\/wp-json\/wp\/v2\/pages\/931\/revisions"}],"predecessor-version":[{"id":2942,"href":"https:\/\/www.qc-ventures.com\/de\/wp-json\/wp\/v2\/pages\/931\/revisions\/2942"}],"wp:attachment":[{"href":"https:\/\/www.qc-ventures.com\/de\/wp-json\/wp\/v2\/media?parent=931"}],"curies":[{"name":"wp","href":"https:\/\/api.w.org\/{rel}","templated":true}]}}